{"id":1050,"date":"2022-10-20T14:41:13","date_gmt":"2022-10-20T14:41:13","guid":{"rendered":"https:\/\/gocontact.ai\/?page_id=1050"},"modified":"2023-11-30T18:53:22","modified_gmt":"2023-11-30T18:53:22","slug":"pide-tu-demo","status":"publish","type":"page","link":"https:\/\/www.gocontact.ai\/es\/pide-tu-demo\/","title":{"rendered":"Pide tu demo"},"content":{"rendered":"\t\t<div data-elementor-type=\"wp-page\" data-elementor-id=\"1050\" class=\"elementor elementor-1050 elementor-226\" data-elementor-post-type=\"page\">\n\t\t\t\t\t\t<section class=\"elementor-section elementor-top-section elementor-element elementor-element-2916252 elementor-section-height-min-height elementor-section-boxed elementor-section-height-default elementor-section-items-middle\" data-id=\"2916252\" data-element_type=\"section\" data-e-type=\"section\" data-settings=\"{&quot;background_background&quot;:&quot;gradient&quot;,&quot;shape_divider_bottom&quot;:&quot;waves&quot;}\">\n\t\t\t\t\t\t\t<div class=\"elementor-background-overlay\"><\/div>\n\t\t\t\t\t\t<div class=\"elementor-shape elementor-shape-bottom\" aria-hidden=\"true\" data-negative=\"false\">\n\t\t\t<svg xmlns=\"http:\/\/www.w3.org\/2000\/svg\" viewBox=\"0 0 1000 100\" preserveAspectRatio=\"none\">\n\t<path class=\"elementor-shape-fill\" d=\"M421.9,6.5c22.6-2.5,51.5,0.4,75.5,5.3c23.6,4.9,70.9,23.5,100.5,35.7c75.8,32.2,133.7,44.5,192.6,49.7\n\tc23.6,2.1,48.7,3.5,103.4-2.5c54.7-6,106.2-25.6,106.2-25.6V0H0v30.3c0,0,72,32.6,158.4,30.5c39.2-0.7,92.8-6.7,134-22.4\n\tc21.2-8.1,52.2-18.2,79.7-24.2C399.3,7.9,411.6,7.5,421.9,6.5z\"\/>\n<\/svg>\t\t<\/div>\n\t\t\t\t\t<div class=\"elementor-container elementor-column-gap-default\">\n\t\t\t\t\t<div class=\"elementor-column elementor-col-50 elementor-top-column elementor-element elementor-element-7a61a8a elementor-invisible\" data-id=\"7a61a8a\" data-element_type=\"column\" data-e-type=\"column\" data-settings=\"{&quot;animation&quot;:&quot;fadeIn&quot;}\">\n\t\t\t<div class=\"elementor-widget-wrap elementor-element-populated\">\n\t\t\t\t\t\t<div class=\"elementor-element elementor-element-dde1369 elementor-widget elementor-widget-heading\" data-id=\"dde1369\" data-element_type=\"widget\" data-e-type=\"widget\" data-widget_type=\"heading.default\">\n\t\t\t\t<div class=\"elementor-widget-container\">\n\t\t\t\t\t<h3 class=\"elementor-heading-title elementor-size-default\">\u00a1Pide tu Demo!<\/h3>\t\t\t\t<\/div>\n\t\t\t\t<\/div>\n\t\t\t\t<div class=\"elementor-element elementor-element-16bccb4 elementor-widget elementor-widget-heading\" data-id=\"16bccb4\" data-element_type=\"widget\" data-e-type=\"widget\" data-widget_type=\"heading.default\">\n\t\t\t\t<div class=\"elementor-widget-container\">\n\t\t\t\t\t<h1 class=\"elementor-heading-title elementor-size-default\">No te pierdas nuestro bot en acci\u00f3n<\/h1>\t\t\t\t<\/div>\n\t\t\t\t<\/div>\n\t\t\t\t<div class=\"elementor-element elementor-element-7dae6af elementor-widget elementor-widget-text-editor\" data-id=\"7dae6af\" data-element_type=\"widget\" data-e-type=\"widget\" data-widget_type=\"text-editor.default\">\n\t\t\t\t<div class=\"elementor-widget-container\">\n\t\t\t\t\t\t\t\t\t<p style=\"font-weight: 400;\">Descubre la mejor plataforma de automatizaci\u00f3n de Atenci\u00f3n al Cliente. Ver\u00e1s como GoContact.ai te permite automatizar procesos de negocio com total autonomia para tu equipo.<\/p>\t\t\t\t\t\t\t\t<\/div>\n\t\t\t\t<\/div>\n\t\t\t\t<div class=\"elementor-element elementor-element-b14f9b2 elementor-mobile-align-center elementor-widget elementor-widget-button\" data-id=\"b14f9b2\" data-element_type=\"widget\" data-e-type=\"widget\" data-widget_type=\"button.default\">\n\t\t\t\t<div class=\"elementor-widget-container\">\n\t\t\t\t\t\t\t\t\t<div class=\"elementor-button-wrapper\">\n\t\t\t\t\t<a class=\"elementor-button elementor-button-link elementor-size-md\" href=\"#about\">\n\t\t\t\t\t\t<span class=\"elementor-button-content-wrapper\">\n\t\t\t\t\t\t<span class=\"elementor-button-icon\">\n\t\t\t\t<i aria-hidden=\"true\" class=\"fas fa-arrow-down\"><\/i>\t\t\t<\/span>\n\t\t\t\t\t\t\t\t\t<span class=\"elementor-button-text\">Pide tu Demo<\/span>\n\t\t\t\t\t<\/span>\n\t\t\t\t\t<\/a>\n\t\t\t\t<\/div>\n\t\t\t\t\t\t\t\t<\/div>\n\t\t\t\t<\/div>\n\t\t\t\t\t<\/div>\n\t\t<\/div>\n\t\t\t\t<div class=\"elementor-column elementor-col-50 elementor-top-column elementor-element elementor-element-1561bce\" data-id=\"1561bce\" data-element_type=\"column\" data-e-type=\"column\">\n\t\t\t<div class=\"elementor-widget-wrap elementor-element-populated\">\n\t\t\t\t\t\t<div class=\"elementor-element elementor-element-952f225 animated-fast elementor-invisible elementor-widget elementor-widget-image\" data-id=\"952f225\" data-element_type=\"widget\" data-e-type=\"widget\" data-settings=\"{&quot;motion_fx_motion_fx_scrolling&quot;:&quot;yes&quot;,&quot;motion_fx_translateY_effect&quot;:&quot;yes&quot;,&quot;motion_fx_translateY_speed&quot;:{&quot;unit&quot;:&quot;px&quot;,&quot;size&quot;:2.5,&quot;sizes&quot;:[]},&quot;_animation&quot;:&quot;slideInRight&quot;,&quot;motion_fx_motion_fx_mouse&quot;:&quot;yes&quot;,&quot;motion_fx_tilt_effect&quot;:&quot;yes&quot;,&quot;motion_fx_translateY_affectedRange&quot;:{&quot;unit&quot;:&quot;%&quot;,&quot;size&quot;:&quot;&quot;,&quot;sizes&quot;:{&quot;start&quot;:0,&quot;end&quot;:100}},&quot;motion_fx_devices&quot;:[&quot;desktop&quot;,&quot;tablet&quot;,&quot;mobile&quot;],&quot;motion_fx_tilt_speed&quot;:{&quot;unit&quot;:&quot;px&quot;,&quot;size&quot;:4,&quot;sizes&quot;:[]}}\" data-widget_type=\"image.default\">\n\t\t\t\t<div class=\"elementor-widget-container\">\n\t\t\t\t\t\t\t\t\t\t\t\t\t\t\t<img fetchpriority=\"high\" decoding=\"async\" width=\"1250\" height=\"750\" src=\"https:\/\/www.gocontact.ai\/wp-content\/uploads\/2022\/10\/header-image-demo.png\" class=\"attachment-full size-full wp-image-875\" alt=\"\u00a1Solicite una demostraci\u00f3n! | GoContact\" srcset=\"https:\/\/www.gocontact.ai\/wp-content\/uploads\/2022\/10\/header-image-demo.png 1250w, https:\/\/www.gocontact.ai\/wp-content\/uploads\/2022\/10\/header-image-demo-300x180.png 300w, https:\/\/www.gocontact.ai\/wp-content\/uploads\/2022\/10\/header-image-demo-1024x614.png 1024w, https:\/\/www.gocontact.ai\/wp-content\/uploads\/2022\/10\/header-image-demo-768x461.png 768w\" sizes=\"(max-width: 1250px) 100vw, 1250px\" \/>\t\t\t\t\t\t\t\t\t\t\t\t\t\t\t<\/div>\n\t\t\t\t<\/div>\n\t\t\t\t\t<\/div>\n\t\t<\/div>\n\t\t\t\t\t<\/div>\n\t\t<\/section>\n\t\t\t\t<section class=\"elementor-section elementor-top-section elementor-element elementor-element-93e99db elementor-section-boxed elementor-section-height-default elementor-section-height-default\" data-id=\"93e99db\" data-element_type=\"section\" data-e-type=\"section\" id=\"about\">\n\t\t\t\t\t\t<div class=\"elementor-container elementor-column-gap-default\">\n\t\t\t\t\t<div class=\"elementor-column elementor-col-100 elementor-top-column elementor-element elementor-element-4a33970\" data-id=\"4a33970\" data-element_type=\"column\" data-e-type=\"column\">\n\t\t\t<div class=\"elementor-widget-wrap elementor-element-populated\">\n\t\t\t\t\t\t<div class=\"elementor-element elementor-element-5122d66 elementor-widget elementor-widget-heading\" data-id=\"5122d66\" data-element_type=\"widget\" data-e-type=\"widget\" data-widget_type=\"heading.default\">\n\t\t\t\t<div class=\"elementor-widget-container\">\n\t\t\t\t\t<h3 class=\"elementor-heading-title elementor-size-default\">Centenas de motivos <\/h3>\t\t\t\t<\/div>\n\t\t\t\t<\/div>\n\t\t\t\t<div class=\"elementor-element elementor-element-66e0267 elementor-widget elementor-widget-heading\" data-id=\"66e0267\" data-element_type=\"widget\" data-e-type=\"widget\" data-settings=\"{&quot;motion_fx_motion_fx_scrolling&quot;:&quot;yes&quot;,&quot;motion_fx_translateY_effect&quot;:&quot;yes&quot;,&quot;motion_fx_translateY_speed&quot;:{&quot;unit&quot;:&quot;px&quot;,&quot;size&quot;:&quot;0.5&quot;,&quot;sizes&quot;:[]},&quot;motion_fx_translateY_affectedRange&quot;:{&quot;unit&quot;:&quot;%&quot;,&quot;size&quot;:&quot;&quot;,&quot;sizes&quot;:{&quot;start&quot;:&quot;0&quot;,&quot;end&quot;:&quot;50&quot;}},&quot;motion_fx_opacity_effect&quot;:&quot;yes&quot;,&quot;motion_fx_opacity_range&quot;:{&quot;unit&quot;:&quot;%&quot;,&quot;size&quot;:&quot;&quot;,&quot;sizes&quot;:{&quot;start&quot;:&quot;0&quot;,&quot;end&quot;:&quot;50&quot;}},&quot;motion_fx_opacity_direction&quot;:&quot;out-in&quot;,&quot;motion_fx_opacity_level&quot;:{&quot;unit&quot;:&quot;px&quot;,&quot;size&quot;:10,&quot;sizes&quot;:[]},&quot;motion_fx_devices&quot;:[&quot;desktop&quot;,&quot;tablet&quot;,&quot;mobile&quot;]}\" data-widget_type=\"heading.default\">\n\t\t\t\t<div class=\"elementor-widget-container\">\n\t\t\t\t\t<h2 class=\"elementor-heading-title elementor-size-default\">para confiar en nosotros<\/h2>\t\t\t\t<\/div>\n\t\t\t\t<\/div>\n\t\t\t\t<section class=\"elementor-section elementor-inner-section elementor-element elementor-element-2f9449b elementor-section-boxed elementor-section-height-default elementor-section-height-default\" data-id=\"2f9449b\" data-element_type=\"section\" data-e-type=\"section\">\n\t\t\t\t\t\t<div class=\"elementor-container elementor-column-gap-default\">\n\t\t\t\t\t<div class=\"elementor-column elementor-col-33 elementor-inner-column elementor-element elementor-element-1fc751b\" data-id=\"1fc751b\" data-element_type=\"column\" data-e-type=\"column\">\n\t\t\t<div class=\"elementor-widget-wrap\">\n\t\t\t\t\t\t\t<\/div>\n\t\t<\/div>\n\t\t\t\t<div class=\"elementor-column elementor-col-33 elementor-inner-column elementor-element elementor-element-d9deca8\" data-id=\"d9deca8\" data-element_type=\"column\" data-e-type=\"column\">\n\t\t\t<div class=\"elementor-widget-wrap elementor-element-populated\">\n\t\t\t\t\t\t<div class=\"elementor-element elementor-element-d6c3df6 elementor-widget elementor-widget-html\" data-id=\"d6c3df6\" data-element_type=\"widget\" data-e-type=\"widget\" data-widget_type=\"html.default\">\n\t\t\t\t<div class=\"elementor-widget-container\">\n\t\t\t\t\t<script charset=\"utf-8\" type=\"text\/javascript\" src=\"\/\/js.hsforms.net\/forms\/embed\/v2.js\"><\/script>\n<script>\n  hbspt.forms.create({\n    region: \"na1\",\n    portalId: \"2599369\",\n    formId: \"13fc41e2-607f-4c37-bf78-a126ffda4fa1\"\n  });\n<\/script>\t\t\t\t<\/div>\n\t\t\t\t<\/div>\n\t\t\t\t\t<\/div>\n\t\t<\/div>\n\t\t\t\t<div class=\"elementor-column elementor-col-33 elementor-inner-column elementor-element elementor-element-e58435f\" data-id=\"e58435f\" data-element_type=\"column\" data-e-type=\"column\">\n\t\t\t<div class=\"elementor-widget-wrap\">\n\t\t\t\t\t\t\t<\/div>\n\t\t<\/div>\n\t\t\t\t\t<\/div>\n\t\t<\/section>\n\t\t\t\t\t<\/div>\n\t\t<\/div>\n\t\t\t\t\t<\/div>\n\t\t<\/section>\n\t\t\t\t<\/div>\n\t\t","protected":false},"excerpt":{"rendered":"<p>\u00a1Pide tu Demo! No te pierdas nuestro bot en acci\u00f3n Descubre la mejor plataforma de automatizaci\u00f3n de Atenci\u00f3n al Cliente. Ver\u00e1s como GoContact.ai te permite automatizar procesos de negocio com total autonomia para tu equipo. Pide tu Demo Centenas de motivos para confiar en nosotros<\/p>\n","protected":false},"author":1,"featured_media":0,"parent":0,"menu_order":0,"comment_status":"closed","ping_status":"closed","template":"","meta":{"content-type":"","footnotes":""},"class_list":["post-1050","page","type-page","status-publish","hentry"],"yoast_head":"<!-- This site is optimized with the Yoast SEO Premium plugin v19.3 (Yoast SEO v27.3) - https:\/\/yoast.com\/product\/yoast-seo-premium-wordpress\/ -->\n<title>Pide una Demo y ve nuestro bot en acci\u00f3n | GoContact<\/title>\n<meta name=\"description\" content=\"Solicita una demo gratis para ver c\u00f3mo implementar voicebots y chatbots en tu atenci\u00f3n al cliente de forma f\u00e1cil, r\u00e1pida y aut\u00f3noma.\" \/>\n<meta name=\"robots\" content=\"index, follow, max-snippet:-1, max-image-preview:large, max-video-preview:-1\" \/>\n<link rel=\"canonical\" href=\"https:\/\/www.gocontact.ai\/solicitar-uma-demo\/\" \/>\n<meta property=\"og:locale\" content=\"es_ES\" \/>\n<meta property=\"og:type\" content=\"article\" \/>\n<meta property=\"og:title\" content=\"Pide tu demo\" \/>\n<meta property=\"og:description\" content=\"Solicita una demo gratis para ver c\u00f3mo implementar voicebots y chatbots en tu atenci\u00f3n al cliente de forma f\u00e1cil, r\u00e1pida y aut\u00f3noma.\" \/>\n<meta property=\"og:url\" content=\"https:\/\/www.gocontact.ai\/solicitar-uma-demo\/\" \/>\n<meta property=\"og:site_name\" content=\"GoContact\" \/>\n<meta property=\"article:publisher\" content=\"https:\/\/www.facebook.com\/GoContact.pt\" \/>\n<meta property=\"article:modified_time\" content=\"2023-11-30T18:53:22+00:00\" \/>\n<meta property=\"og:image\" content=\"https:\/\/www.gocontact.ai\/wp-content\/uploads\/2022\/10\/header-image-demo.png\" \/>\n<meta name=\"twitter:card\" content=\"summary_large_image\" \/>\n<meta name=\"twitter:site\" content=\"@gocontactcloud\" \/>\n<meta name=\"twitter:label1\" content=\"Tiempo de lectura\" \/>\n\t<meta name=\"twitter:data1\" content=\"1 minuto\" \/>\n<script type=\"application\/ld+json\" class=\"yoast-schema-graph\">{\"@context\":\"https:\\\/\\\/schema.org\",\"@graph\":[{\"@type\":\"WebPage\",\"@id\":\"https:\\\/\\\/www.gocontact.ai\\\/solicitar-uma-demo\\\/\",\"url\":\"https:\\\/\\\/www.gocontact.ai\\\/solicitar-uma-demo\\\/\",\"name\":\"Pide una Demo y ve nuestro bot en acci\u00f3n | GoContact\",\"isPartOf\":{\"@id\":\"https:\\\/\\\/www.gocontact.ai\\\/es\\\/#website\"},\"primaryImageOfPage\":{\"@id\":\"https:\\\/\\\/www.gocontact.ai\\\/solicitar-uma-demo\\\/#primaryimage\"},\"image\":{\"@id\":\"https:\\\/\\\/www.gocontact.ai\\\/solicitar-uma-demo\\\/#primaryimage\"},\"thumbnailUrl\":\"https:\\\/\\\/www.gocontact.ai\\\/wp-content\\\/uploads\\\/2022\\\/10\\\/header-image-demo.png\",\"datePublished\":\"2022-10-20T14:41:13+00:00\",\"dateModified\":\"2023-11-30T18:53:22+00:00\",\"description\":\"Solicita una demo gratis para ver c\u00f3mo implementar voicebots y chatbots en tu atenci\u00f3n al cliente de forma f\u00e1cil, r\u00e1pida y aut\u00f3noma.\",\"breadcrumb\":{\"@id\":\"https:\\\/\\\/www.gocontact.ai\\\/solicitar-uma-demo\\\/#breadcrumb\"},\"inLanguage\":\"es\",\"potentialAction\":[{\"@type\":\"ReadAction\",\"target\":[\"https:\\\/\\\/www.gocontact.ai\\\/solicitar-uma-demo\\\/\"]}]},{\"@type\":\"ImageObject\",\"inLanguage\":\"es\",\"@id\":\"https:\\\/\\\/www.gocontact.ai\\\/solicitar-uma-demo\\\/#primaryimage\",\"url\":\"https:\\\/\\\/www.gocontact.ai\\\/wp-content\\\/uploads\\\/2022\\\/10\\\/header-image-demo.png\",\"contentUrl\":\"https:\\\/\\\/www.gocontact.ai\\\/wp-content\\\/uploads\\\/2022\\\/10\\\/header-image-demo.png\"},{\"@type\":\"BreadcrumbList\",\"@id\":\"https:\\\/\\\/www.gocontact.ai\\\/solicitar-uma-demo\\\/#breadcrumb\",\"itemListElement\":[{\"@type\":\"ListItem\",\"position\":1,\"name\":\"Home\",\"item\":\"https:\\\/\\\/www.gocontact.ai\\\/es\\\/\"},{\"@type\":\"ListItem\",\"position\":2,\"name\":\"Pide tu demo\"}]},{\"@type\":\"WebSite\",\"@id\":\"https:\\\/\\\/www.gocontact.ai\\\/es\\\/#website\",\"url\":\"https:\\\/\\\/www.gocontact.ai\\\/es\\\/\",\"name\":\"GoContact\",\"description\":\"Automatize o seu Contact Center\",\"publisher\":{\"@id\":\"https:\\\/\\\/www.gocontact.ai\\\/es\\\/#organization\"},\"potentialAction\":[{\"@type\":\"SearchAction\",\"target\":{\"@type\":\"EntryPoint\",\"urlTemplate\":\"https:\\\/\\\/www.gocontact.ai\\\/es\\\/?s={search_term_string}\"},\"query-input\":{\"@type\":\"PropertyValueSpecification\",\"valueRequired\":true,\"valueName\":\"search_term_string\"}}],\"inLanguage\":\"es\"},{\"@type\":\"Organization\",\"@id\":\"https:\\\/\\\/www.gocontact.ai\\\/es\\\/#organization\",\"name\":\"GoContact Automation\",\"url\":\"https:\\\/\\\/www.gocontact.ai\\\/es\\\/\",\"logo\":{\"@type\":\"ImageObject\",\"inLanguage\":\"es\",\"@id\":\"https:\\\/\\\/www.gocontact.ai\\\/es\\\/#\\\/schema\\\/logo\\\/image\\\/\",\"url\":\"https:\\\/\\\/www.gocontact.ai\\\/wp-content\\\/uploads\\\/2022\\\/10\\\/gocontact_RGB.png\",\"contentUrl\":\"https:\\\/\\\/www.gocontact.ai\\\/wp-content\\\/uploads\\\/2022\\\/10\\\/gocontact_RGB.png\",\"width\":1900,\"height\":523,\"caption\":\"GoContact Automation\"},\"image\":{\"@id\":\"https:\\\/\\\/www.gocontact.ai\\\/es\\\/#\\\/schema\\\/logo\\\/image\\\/\"},\"sameAs\":[\"https:\\\/\\\/www.facebook.com\\\/GoContact.pt\",\"https:\\\/\\\/x.com\\\/gocontactcloud\"]}]}<\/script>\n<!-- \/ Yoast SEO Premium plugin. -->","yoast_head_json":{"title":"Pide una Demo y ve nuestro bot en acci\u00f3n | GoContact","description":"Solicita una demo gratis para ver c\u00f3mo implementar voicebots y chatbots en tu atenci\u00f3n al cliente de forma f\u00e1cil, r\u00e1pida y aut\u00f3noma.","robots":{"index":"index","follow":"follow","max-snippet":"max-snippet:-1","max-image-preview":"max-image-preview:large","max-video-preview":"max-video-preview:-1"},"canonical":"https:\/\/www.gocontact.ai\/solicitar-uma-demo\/","og_locale":"es_ES","og_type":"article","og_title":"Pide tu demo","og_description":"Solicita una demo gratis para ver c\u00f3mo implementar voicebots y chatbots en tu atenci\u00f3n al cliente de forma f\u00e1cil, r\u00e1pida y aut\u00f3noma.","og_url":"https:\/\/www.gocontact.ai\/solicitar-uma-demo\/","og_site_name":"GoContact","article_publisher":"https:\/\/www.facebook.com\/GoContact.pt","article_modified_time":"2023-11-30T18:53:22+00:00","og_image":[{"url":"https:\/\/www.gocontact.ai\/wp-content\/uploads\/2022\/10\/header-image-demo.png","type":"","width":"","height":""}],"twitter_card":"summary_large_image","twitter_site":"@gocontactcloud","twitter_misc":{"Tiempo de lectura":"1 minuto"},"schema":{"@context":"https:\/\/schema.org","@graph":[{"@type":"WebPage","@id":"https:\/\/www.gocontact.ai\/solicitar-uma-demo\/","url":"https:\/\/www.gocontact.ai\/solicitar-uma-demo\/","name":"Pide una Demo y ve nuestro bot en acci\u00f3n | GoContact","isPartOf":{"@id":"https:\/\/www.gocontact.ai\/es\/#website"},"primaryImageOfPage":{"@id":"https:\/\/www.gocontact.ai\/solicitar-uma-demo\/#primaryimage"},"image":{"@id":"https:\/\/www.gocontact.ai\/solicitar-uma-demo\/#primaryimage"},"thumbnailUrl":"https:\/\/www.gocontact.ai\/wp-content\/uploads\/2022\/10\/header-image-demo.png","datePublished":"2022-10-20T14:41:13+00:00","dateModified":"2023-11-30T18:53:22+00:00","description":"Solicita una demo gratis para ver c\u00f3mo implementar voicebots y chatbots en tu atenci\u00f3n al cliente de forma f\u00e1cil, r\u00e1pida y aut\u00f3noma.","breadcrumb":{"@id":"https:\/\/www.gocontact.ai\/solicitar-uma-demo\/#breadcrumb"},"inLanguage":"es","potentialAction":[{"@type":"ReadAction","target":["https:\/\/www.gocontact.ai\/solicitar-uma-demo\/"]}]},{"@type":"ImageObject","inLanguage":"es","@id":"https:\/\/www.gocontact.ai\/solicitar-uma-demo\/#primaryimage","url":"https:\/\/www.gocontact.ai\/wp-content\/uploads\/2022\/10\/header-image-demo.png","contentUrl":"https:\/\/www.gocontact.ai\/wp-content\/uploads\/2022\/10\/header-image-demo.png"},{"@type":"BreadcrumbList","@id":"https:\/\/www.gocontact.ai\/solicitar-uma-demo\/#breadcrumb","itemListElement":[{"@type":"ListItem","position":1,"name":"Home","item":"https:\/\/www.gocontact.ai\/es\/"},{"@type":"ListItem","position":2,"name":"Pide tu demo"}]},{"@type":"WebSite","@id":"https:\/\/www.gocontact.ai\/es\/#website","url":"https:\/\/www.gocontact.ai\/es\/","name":"GoContact","description":"Automatize o seu Contact Center","publisher":{"@id":"https:\/\/www.gocontact.ai\/es\/#organization"},"potentialAction":[{"@type":"SearchAction","target":{"@type":"EntryPoint","urlTemplate":"https:\/\/www.gocontact.ai\/es\/?s={search_term_string}"},"query-input":{"@type":"PropertyValueSpecification","valueRequired":true,"valueName":"search_term_string"}}],"inLanguage":"es"},{"@type":"Organization","@id":"https:\/\/www.gocontact.ai\/es\/#organization","name":"GoContact Automation","url":"https:\/\/www.gocontact.ai\/es\/","logo":{"@type":"ImageObject","inLanguage":"es","@id":"https:\/\/www.gocontact.ai\/es\/#\/schema\/logo\/image\/","url":"https:\/\/www.gocontact.ai\/wp-content\/uploads\/2022\/10\/gocontact_RGB.png","contentUrl":"https:\/\/www.gocontact.ai\/wp-content\/uploads\/2022\/10\/gocontact_RGB.png","width":1900,"height":523,"caption":"GoContact Automation"},"image":{"@id":"https:\/\/www.gocontact.ai\/es\/#\/schema\/logo\/image\/"},"sameAs":["https:\/\/www.facebook.com\/GoContact.pt","https:\/\/x.com\/gocontactcloud"]}]}},"_links":{"self":[{"href":"https:\/\/www.gocontact.ai\/es\/wp-json\/wp\/v2\/pages\/1050","targetHints":{"allow":["GET"]}}],"collection":[{"href":"https:\/\/www.gocontact.ai\/es\/wp-json\/wp\/v2\/pages"}],"about":[{"href":"https:\/\/www.gocontact.ai\/es\/wp-json\/wp\/v2\/types\/page"}],"author":[{"embeddable":true,"href":"https:\/\/www.gocontact.ai\/es\/wp-json\/wp\/v2\/users\/1"}],"replies":[{"embeddable":true,"href":"https:\/\/www.gocontact.ai\/es\/wp-json\/wp\/v2\/comments?post=1050"}],"version-history":[{"count":10,"href":"https:\/\/www.gocontact.ai\/es\/wp-json\/wp\/v2\/pages\/1050\/revisions"}],"predecessor-version":[{"id":1534,"href":"https:\/\/www.gocontact.ai\/es\/wp-json\/wp\/v2\/pages\/1050\/revisions\/1534"}],"wp:attachment":[{"href":"https:\/\/www.gocontact.ai\/es\/wp-json\/wp\/v2\/media?parent=1050"}],"curies":[{"name":"wp","href":"https:\/\/api.w.org\/{rel}","templated":true}]}}